{"id":8922,"date":"2024-11-13T20:18:53","date_gmt":"2024-11-13T20:18:53","guid":{"rendered":"https:\/\/portape.com\/?post_type=product&#038;p=8922"},"modified":"2024-11-20T15:52:40","modified_gmt":"2024-11-20T15:52:40","slug":"printed-carpet-protection-film","status":"publish","type":"product","link":"https:\/\/portape.com\/de\/product\/printed-carpet-protection-film\/","title":{"rendered":"Bedruckte Teppichschutzfolie"},"content":{"rendered":"<div data-elementor-type=\"wp-post\" data-elementor-id=\"8922\" class=\"elementor elementor-8922\">\n\t\t\t\t\t\t<section class=\"elementor-section elementor-top-section elementor-element elementor-element-368375a elementor-section-content-top elementor-section-boxed elementor-section-height-default elementor-section-height-default wd-section-disabled\" data-id=\"368375a\" data-element_type=\"section\" data-e-type=\"section\">\n\t\t\t\t\t\t<div class=\"elementor-container elementor-column-gap-default\">\n\t\t\t\t\t<div class=\"elementor-column elementor-col-100 elementor-top-column elementor-element elementor-element-1397ec9e\" data-id=\"1397ec9e\" data-element_type=\"column\" data-e-type=\"column\">\n\t\t\t<div class=\"elementor-widget-wrap elementor-element-populated\">\n\t\t\t\t\t\t<div class=\"elementor-element elementor-element-654131d4 elementor-widget elementor-widget-wd_infobox\" data-id=\"654131d4\" data-element_type=\"widget\" data-e-type=\"widget\" data-widget_type=\"wd_infobox.default\">\n\t\t\t\t<div class=\"elementor-widget-container\">\n\t\t\t\t\t\t\t<div class=\"info-box-wrapper\">\n\t\t\t<div class=\"wd-info-box text-center box-icon-align-top box-style-base color-scheme- box-title-small woodmart-info-box cursor-pointer\" onclick=\"window.location.href='#'\">\n\t\t\t\t\t\t\t\t\t<div class=\"box-icon-wrapper  box-with-icon box-icon-simple\">\n\t\t\t\t\t\t<div class=\"info-box-icon\">\n\t\t\t\t\t\t\t\t\t\t\t\t\t\t\t<img decoding=\"async\" width=\"150\" height=\"150\" src=\"https:\/\/portape.com\/wp-content\/uploads\/2021\/08\/istockphoto-1419641017-612x612-1-150x150.jpg\" class=\"attachment-thumbnail size-thumbnail wp-image-8812\" alt=\"\" srcset=\"https:\/\/portape.com\/wp-content\/uploads\/2021\/08\/istockphoto-1419641017-612x612-1-150x150.jpg 150w, https:\/\/portape.com\/wp-content\/uploads\/2021\/08\/istockphoto-1419641017-612x612-1-300x300.jpg 300w, https:\/\/portape.com\/wp-content\/uploads\/2021\/08\/istockphoto-1419641017-612x612-1-430x430.jpg 430w, https:\/\/portape.com\/wp-content\/uploads\/2021\/08\/istockphoto-1419641017-612x612-1.jpg 612w\" sizes=\"(max-width: 150px) 100vw, 150px\" \/>\t\t\t\t\t\t\t\t\t\t\t\t\t<\/div>\n\t\t\t\t\t<\/div>\n\t\t\t\t\n\t\t\t\t<div class=\"info-box-content\">\n\t\t\t\t\t\n\t\t\t\t\t\t\t\t\t\t\t<h4\t\t\t\t\t\tclass=\"info-box-title title box-title-style-default wd-fontsize-s\" data-elementor-setting-key=\"title\">\n\t\t\t\t\t\t\t\tZUFRIEDENHEIT GARANTIERT\t\t\t\t\t\t<\/h4>\n\t\t\t\t\t\n\t\t\t\t\t<div class=\"info-box-inner set-cont-mb-s reset-last-child\"\n\t\t\t\t\t\t data-elementor-setting-key=\"content\">\n\t\t\t\t\t\t\t\t\t\t\t<\/div>\n\t\n\t\t\t\t\t\t\t\t\t<\/div>\n\t\t\t<\/div>\n\t\t<\/div>\n\t\t\t\t\t\t<\/div>\n\t\t\t\t<\/div>\n\t\t\t\t<div class=\"elementor-element elementor-element-12a4d22 elementor-widget elementor-widget-wd_text_block\" data-id=\"12a4d22\" data-element_type=\"widget\" data-e-type=\"widget\" data-widget_type=\"wd_text_block.default\">\n\t\t\t\t<div class=\"elementor-widget-container\">\n\t\t\t\t\t\t\t<div class=\"wd-text-block reset-last-child text-left\">\n\t\t\t\n\t\t\t<p>Das Premium Carpet Shield von Portape bietet mit seiner innovativen Hochleistungs-Polyethylen-Technologie einen \u00fcberragenden Bodenschutz. W\u00e4hrend herk\u00f6mmliche Schutzfolien in der Regel nur 30-45 Tage Schutz bieten, sorgt die fortschrittliche Formel von Portape daf\u00fcr, dass Ihre Teppiche f\u00fcr beeindruckende 60 Tage gesch\u00fctzt bleiben. Die einzigartige Hafttechnologie der Folie h\u00e4lt Schmutz, versch\u00fcttete Fl\u00fcssigkeiten und Ablagerungen zur\u00fcck und sorgt daf\u00fcr, dass Ihre Teppiche makellos bleiben. Die Installation k\u00f6nnte nicht einfacher sein - einfach abrollen, zuschneiden und schon sind Ihre Teppiche gesch\u00fctzt!<\/p><ul><li>Einfach zu verwenden - einfach ausrollen und der speziell entwickelte Klebstoff h\u00e4lt. Umgekehrt gewickelt mit Klebstoff auf der Au\u00dfenseite<\/li><li>Das extrem widerstandsf\u00e4hige, hochelastische Polyethylen ist rei\u00dffest.<\/li><li>H\u00e4lt 60 Tage - das EINZIGE Produkt mit dieser Bewertung, das doppelt so lange h\u00e4lt wie andere Marken<\/li><li>Ultra-sicher - h\u00e4lt die Schuhe fest, rutscht nicht.<\/li><li>Sparen Sie Zeit mit unserem Carpet Film Applicator<\/li><\/ul>\n\t\t\t\t\t<\/div>\n\t\t\t\t\t\t<\/div>\n\t\t\t\t<\/div>\n\t\t\t\t\t<\/div>\n\t\t<\/div>\n\t\t\t\t\t<\/div>\n\t\t<\/section>\n\t\t\t\t<\/div>","protected":false},"excerpt":{"rendered":"<table width=\"674\">\n<tbody>\n<tr>\n<td width=\"83\"><strong>MODELL NR.<\/strong><\/td>\n<td width=\"103\"><strong>ROLLENGR\u00d6SSE<\/strong><\/td>\n<td width=\"142\"><strong>ROLLENGR\u00d6SSE<\/strong><\/td>\n<td width=\"170\"><strong>MIL\u00a0 <\/strong><\/td>\n<td width=\"176\"><strong>MICRON<\/strong><\/td>\n<\/tr>\n<tr>\n<td width=\"83\">PF2420<\/td>\n<td width=\"103\">24\u201d x 200\u2019<\/td>\n<td width=\"142\">60cm x 60m<\/td>\n<td width=\"170\">2.5 Mil\u00a0 to 4 Mil<\/td>\n<td width=\"176\">60 Mic. to 100 Mic.<\/td>\n<\/tr>\n<tr>\n<td width=\"83\">PF2430<\/td>\n<td width=\"103\">24\u201d x 300\u2019<\/td>\n<td width=\"142\">60cm x 100m<\/td>\n<td width=\"170\">2.5 Mil\u00a0 to 4 Mil<\/td>\n<td width=\"176\">60 Mic. to 100 Mic<\/td>\n<\/tr>\n<tr>\n<td width=\"83\">PF3650<\/td>\n<td width=\"103\">36\u201d x 500\u2019<\/td>\n<td width=\"142\">90 cm x 150m<\/td>\n<td width=\"170\">2.5 Mil\u00a0 to 4 Mil<\/td>\n<td width=\"176\">60 Mic. to 100 Mic.<\/td>\n<\/tr>\n<tr>\n<td width=\"83\">PF4850<\/td>\n<td width=\"103\">48\u201d x 500\u2019<\/td>\n<td width=\"142\">120 cm x 150m<\/td>\n<td width=\"170\">2.5 Mil\u00a0 to 4 Mil<\/td>\n<td width=\"176\">60 Mic. to 100 Mic<\/td>\n<\/tr>\n<\/tbody>\n<\/table>","protected":false},"featured_media":8805,"template":"","meta":[],"product_brand":[],"product_cat":[71],"product_tag":[],"class_list":{"0":"post-8922","1":"product","2":"type-product","3":"status-publish","4":"has-post-thumbnail","6":"product_cat-carpet-protection-film","8":"first","9":"instock","10":"shipping-taxable","11":"product-type-variable"},"_links":{"self":[{"href":"https:\/\/portape.com\/de\/wp-json\/wp\/v2\/product\/8922","targetHints":{"allow":["GET"]}}],"collection":[{"href":"https:\/\/portape.com\/de\/wp-json\/wp\/v2\/product"}],"about":[{"href":"https:\/\/portape.com\/de\/wp-json\/wp\/v2\/types\/product"}],"version-history":[{"count":11,"href":"https:\/\/portape.com\/de\/wp-json\/wp\/v2\/product\/8922\/revisions"}],"predecessor-version":[{"id":9122,"href":"https:\/\/portape.com\/de\/wp-json\/wp\/v2\/product\/8922\/revisions\/9122"}],"wp:featuredmedia":[{"embeddable":true,"href":"https:\/\/portape.com\/de\/wp-json\/wp\/v2\/media\/8805"}],"wp:attachment":[{"href":"https:\/\/portape.com\/de\/wp-json\/wp\/v2\/media?parent=8922"}],"wp:term":[{"taxonomy":"product_brand","embeddable":true,"href":"https:\/\/portape.com\/de\/wp-json\/wp\/v2\/product_brand?post=8922"},{"taxonomy":"product_cat","embeddable":true,"href":"https:\/\/portape.com\/de\/wp-json\/wp\/v2\/product_cat?post=8922"},{"taxonomy":"product_tag","embeddable":true,"href":"https:\/\/portape.com\/de\/wp-json\/wp\/v2\/product_tag?post=8922"}],"curies":[{"name":"wp","href":"https:\/\/api.w.org\/{rel}","templated":true}]}}