{"id":8865,"date":"2024-11-04T20:16:57","date_gmt":"2024-11-04T20:16:57","guid":{"rendered":"https:\/\/portape.com\/?post_type=product&#038;p=8865"},"modified":"2025-01-23T07:23:52","modified_gmt":"2025-01-23T07:23:52","slug":"double-sided-tape","status":"publish","type":"product","link":"https:\/\/portape.com\/de\/product\/double-sided-tape\/","title":{"rendered":"Doppelseitiges Klebeband"},"content":{"rendered":"<div data-elementor-type=\"wp-post\" data-elementor-id=\"8865\" class=\"elementor elementor-8865\">\n\t\t\t\t\t\t<section class=\"elementor-section elementor-top-section elementor-element elementor-element-368375a elementor-section-content-top elementor-section-boxed elementor-section-height-default elementor-section-height-default wd-section-disabled\" data-id=\"368375a\" data-element_type=\"section\" data-e-type=\"section\">\n\t\t\t\t\t\t<div class=\"elementor-container elementor-column-gap-default\">\n\t\t\t\t\t<div class=\"elementor-column elementor-col-100 elementor-top-column elementor-element elementor-element-6ec201d9\" data-id=\"6ec201d9\" data-element_type=\"column\" data-e-type=\"column\">\n\t\t\t<div class=\"elementor-widget-wrap elementor-element-populated\">\n\t\t\t\t\t\t<section class=\"elementor-section elementor-inner-section elementor-element elementor-element-5fb325d elementor-section-content-top elementor-section-boxed elementor-section-height-default elementor-section-height-default wd-section-disabled\" data-id=\"5fb325d\" data-element_type=\"section\" data-e-type=\"section\">\n\t\t\t\t\t\t<div class=\"elementor-container elementor-column-gap-default\">\n\t\t\t\t\t<div class=\"elementor-column elementor-col-100 elementor-inner-column elementor-element elementor-element-24cf6fbf\" data-id=\"24cf6fbf\" data-element_type=\"column\" data-e-type=\"column\">\n\t\t\t<div class=\"elementor-widget-wrap elementor-element-populated\">\n\t\t\t\t\t\t<div class=\"elementor-element elementor-element-654131d4 elementor-widget elementor-widget-wd_infobox\" data-id=\"654131d4\" data-element_type=\"widget\" data-e-type=\"widget\" data-widget_type=\"wd_infobox.default\">\n\t\t\t\t<div class=\"elementor-widget-container\">\n\t\t\t\t\t\t\t<div class=\"info-box-wrapper\">\n\t\t\t<div class=\"wd-info-box text-center box-icon-align-top box-style-base color-scheme- box-title-small woodmart-info-box cursor-pointer\" onclick=\"window.location.href='#'\">\n\t\t\t\t\t\t\t\t\t<div class=\"box-icon-wrapper  box-with-icon box-icon-simple\">\n\t\t\t\t\t\t<div class=\"info-box-icon\">\n\t\t\t\t\t\t\t\t\t\t\t\t\t\t\t<img decoding=\"async\" width=\"150\" height=\"150\" src=\"https:\/\/portape.com\/wp-content\/uploads\/2021\/08\/istockphoto-1419641017-612x612-1-150x150.jpg\" class=\"attachment-thumbnail size-thumbnail wp-image-8812\" alt=\"\" srcset=\"https:\/\/portape.com\/wp-content\/uploads\/2021\/08\/istockphoto-1419641017-612x612-1-150x150.jpg 150w, https:\/\/portape.com\/wp-content\/uploads\/2021\/08\/istockphoto-1419641017-612x612-1-300x300.jpg 300w, https:\/\/portape.com\/wp-content\/uploads\/2021\/08\/istockphoto-1419641017-612x612-1-430x430.jpg 430w, https:\/\/portape.com\/wp-content\/uploads\/2021\/08\/istockphoto-1419641017-612x612-1.jpg 612w\" sizes=\"(max-width: 150px) 100vw, 150px\" \/>\t\t\t\t\t\t\t\t\t\t\t\t\t<\/div>\n\t\t\t\t\t<\/div>\n\t\t\t\t\n\t\t\t\t<div class=\"info-box-content\">\n\t\t\t\t\t\n\t\t\t\t\t\t\t\t\t\t\t<h4\t\t\t\t\t\tclass=\"info-box-title title box-title-style-default wd-fontsize-s\" data-elementor-setting-key=\"title\">\n\t\t\t\t\t\t\t\tZUFRIEDENHEIT GARANTIERT\t\t\t\t\t\t<\/h4>\n\t\t\t\t\t\n\t\t\t\t\t<div class=\"info-box-inner set-cont-mb-s reset-last-child\"\n\t\t\t\t\t\t data-elementor-setting-key=\"content\">\n\t\t\t\t\t\t\t\t\t\t\t<\/div>\n\t\n\t\t\t\t\t\t\t\t\t<\/div>\n\t\t\t<\/div>\n\t\t<\/div>\n\t\t\t\t\t\t<\/div>\n\t\t\t\t<\/div>\n\t\t\t\t\t<\/div>\n\t\t<\/div>\n\t\t\t\t\t<\/div>\n\t\t<\/section>\n\t\t\t\t\t<\/div>\n\t\t<\/div>\n\t\t\t\t\t<\/div>\n\t\t<\/section>\n\t\t\t\t<\/div>","protected":false},"excerpt":{"rendered":"<p>Doppelseitiges Klebeband ist ein vielseitiges Klebeprodukt, das auf beiden Seiten Klebstoff hat, so dass es zwei Oberfl\u00e4chen miteinander verbinden kann. Es wird h\u00e4ufig f\u00fcr verschiedene Anwendungen verwendet, z. B. beim Basteln, Montieren, Verpacken und sogar im Baugewerbe f\u00fcr vor\u00fcbergehende oder dauerhafte Verklebungen. Das Klebeband hat in der Regel eine Papier- oder Kunststoffunterlage, die die Klebefl\u00e4che sch\u00fctzt, bis sie abgezogen wird. Doppelseitiges Klebeband ist in verschiedenen St\u00e4rken und St\u00e4rken erh\u00e4ltlich, um verschiedenen Bed\u00fcrfnissen gerecht zu werden, und bietet eine einfache, unauff\u00e4llige Alternative zu Klebstoff. Es ist besonders n\u00fctzlich in Situationen, in denen das Klebeband nicht sichtbar sein soll, da es zwischen den zu verbindenden Fl\u00e4chen verborgen bleibt.<\/p>","protected":false},"featured_media":9142,"template":"","meta":[],"product_brand":[],"product_cat":[72],"product_tag":[],"class_list":{"0":"post-8865","1":"product","2":"type-product","3":"status-publish","4":"has-post-thumbnail","6":"product_cat-tape","8":"first","9":"instock","10":"shipping-taxable","11":"product-type-simple"},"_links":{"self":[{"href":"https:\/\/portape.com\/de\/wp-json\/wp\/v2\/product\/8865","targetHints":{"allow":["GET"]}}],"collection":[{"href":"https:\/\/portape.com\/de\/wp-json\/wp\/v2\/product"}],"about":[{"href":"https:\/\/portape.com\/de\/wp-json\/wp\/v2\/types\/product"}],"version-history":[{"count":7,"href":"https:\/\/portape.com\/de\/wp-json\/wp\/v2\/product\/8865\/revisions"}],"predecessor-version":[{"id":9095,"href":"https:\/\/portape.com\/de\/wp-json\/wp\/v2\/product\/8865\/revisions\/9095"}],"wp:featuredmedia":[{"embeddable":true,"href":"https:\/\/portape.com\/de\/wp-json\/wp\/v2\/media\/9142"}],"wp:attachment":[{"href":"https:\/\/portape.com\/de\/wp-json\/wp\/v2\/media?parent=8865"}],"wp:term":[{"taxonomy":"product_brand","embeddable":true,"href":"https:\/\/portape.com\/de\/wp-json\/wp\/v2\/product_brand?post=8865"},{"taxonomy":"product_cat","embeddable":true,"href":"https:\/\/portape.com\/de\/wp-json\/wp\/v2\/product_cat?post=8865"},{"taxonomy":"product_tag","embeddable":true,"href":"https:\/\/portape.com\/de\/wp-json\/wp\/v2\/product_tag?post=8865"}],"curies":[{"name":"wp","href":"https:\/\/api.w.org\/{rel}","templated":true}]}}