{"id":8835,"date":"2024-11-04T18:47:55","date_gmt":"2024-11-04T18:47:55","guid":{"rendered":"https:\/\/portape.com\/?post_type=product&#038;p=8835"},"modified":"2024-11-17T10:58:00","modified_gmt":"2024-11-17T10:58:00","slug":"printed-background-packing-tapes","status":"publish","type":"product","link":"https:\/\/portape.com\/de\/product\/printed-background-packing-tapes\/","title":{"rendered":"Bedruckte Hintergrund-Verpackungsklebeb\u00e4nder"},"content":{"rendered":"<div data-elementor-type=\"wp-post\" data-elementor-id=\"8835\" class=\"elementor elementor-8835\">\n\t\t\t\t\t\t<section class=\"elementor-section elementor-top-section elementor-element elementor-element-368375a elementor-section-content-top elementor-section-boxed elementor-section-height-default elementor-section-height-default wd-section-disabled\" data-id=\"368375a\" data-element_type=\"section\" data-e-type=\"section\">\n\t\t\t\t\t\t<div class=\"elementor-container elementor-column-gap-default\">\n\t\t\t\t\t<div class=\"elementor-column elementor-col-50 elementor-top-column elementor-element elementor-element-1397ec9e\" data-id=\"1397ec9e\" data-element_type=\"column\" data-e-type=\"column\">\n\t\t\t<div class=\"elementor-widget-wrap elementor-element-populated\">\n\t\t\t\t\t\t<div class=\"elementor-element elementor-element-12a4d22 elementor-widget elementor-widget-wd_text_block\" data-id=\"12a4d22\" data-element_type=\"widget\" data-e-type=\"widget\" data-widget_type=\"wd_text_block.default\">\n\t\t\t\t<div class=\"elementor-widget-container\">\n\t\t\t\t\t\t\t<div class=\"wd-text-block reset-last-child text-left\">\n\t\t\t\n\t\t\t<p>Unsere fortschrittliche Drucktechnologie sorgt f\u00fcr scharfe, haltbare Grafiken, die w\u00e4hrend des Transports nicht verblassen oder sich verschlechtern. Diese Klebeb\u00e4nder sind in verschiedenen Breiten und L\u00e4ngen erh\u00e4ltlich und eignen sich perfekt zur Steigerung der Markenwiedererkennung, zur Verbesserung der Verpackungssicherheit und f\u00fcr eine professionelle Pr\u00e4sentation, um Ihre spezifischen Verpackungsanforderungen zu erf\u00fcllen. W\u00e4hlen Sie zwischen Acrylat- oder Schmelzklebstoffoptionen f\u00fcr optimale Leistung bei unterschiedlichen Umgebungsbedingungen.<\/p>\n\t\t\t\t\t<\/div>\n\t\t\t\t\t\t<\/div>\n\t\t\t\t<\/div>\n\t\t\t\t\t<\/div>\n\t\t<\/div>\n\t\t\t\t<div class=\"elementor-column elementor-col-50 elementor-top-column elementor-element elementor-element-6ec201d9\" data-id=\"6ec201d9\" data-element_type=\"column\" data-e-type=\"column\">\n\t\t\t<div class=\"elementor-widget-wrap elementor-element-populated\">\n\t\t\t\t\t\t<section class=\"elementor-section elementor-inner-section elementor-element elementor-element-5fb325d elementor-section-content-top elementor-section-boxed elementor-section-height-default elementor-section-height-default wd-section-disabled\" data-id=\"5fb325d\" data-element_type=\"section\" data-e-type=\"section\">\n\t\t\t\t\t\t<div class=\"elementor-container elementor-column-gap-default\">\n\t\t\t\t\t<div class=\"elementor-column elementor-col-100 elementor-inner-column elementor-element elementor-element-24cf6fbf\" data-id=\"24cf6fbf\" data-element_type=\"column\" data-e-type=\"column\">\n\t\t\t<div class=\"elementor-widget-wrap elementor-element-populated\">\n\t\t\t\t\t\t<div class=\"elementor-element elementor-element-654131d4 elementor-widget elementor-widget-wd_infobox\" data-id=\"654131d4\" data-element_type=\"widget\" data-e-type=\"widget\" data-widget_type=\"wd_infobox.default\">\n\t\t\t\t<div class=\"elementor-widget-container\">\n\t\t\t\t\t\t\t<div class=\"info-box-wrapper\">\n\t\t\t<div class=\"wd-info-box text-center box-icon-align-top box-style-base color-scheme- box-title-small woodmart-info-box cursor-pointer\" onclick=\"window.location.href='#'\">\n\t\t\t\t\t\t\t\t\t<div class=\"box-icon-wrapper  box-with-icon box-icon-simple\">\n\t\t\t\t\t\t<div class=\"info-box-icon\">\n\t\t\t\t\t\t\t\t\t\t\t\t\t\t\t<img decoding=\"async\" width=\"150\" height=\"150\" src=\"https:\/\/portape.com\/wp-content\/uploads\/2021\/08\/istockphoto-1419641017-612x612-1-150x150.jpg\" class=\"attachment-thumbnail size-thumbnail wp-image-8812\" alt=\"\" srcset=\"https:\/\/portape.com\/wp-content\/uploads\/2021\/08\/istockphoto-1419641017-612x612-1-150x150.jpg 150w, https:\/\/portape.com\/wp-content\/uploads\/2021\/08\/istockphoto-1419641017-612x612-1-300x300.jpg 300w, https:\/\/portape.com\/wp-content\/uploads\/2021\/08\/istockphoto-1419641017-612x612-1-430x430.jpg 430w, https:\/\/portape.com\/wp-content\/uploads\/2021\/08\/istockphoto-1419641017-612x612-1.jpg 612w\" sizes=\"(max-width: 150px) 100vw, 150px\" \/>\t\t\t\t\t\t\t\t\t\t\t\t\t<\/div>\n\t\t\t\t\t<\/div>\n\t\t\t\t\n\t\t\t\t<div class=\"info-box-content\">\n\t\t\t\t\t\n\t\t\t\t\t\t\t\t\t\t\t<h4\t\t\t\t\t\tclass=\"info-box-title title box-title-style-default wd-fontsize-s\" data-elementor-setting-key=\"title\">\n\t\t\t\t\t\t\t\tZUFRIEDENHEIT GARANTIERT\t\t\t\t\t\t<\/h4>\n\t\t\t\t\t\n\t\t\t\t\t<div class=\"info-box-inner set-cont-mb-s reset-last-child\"\n\t\t\t\t\t\t data-elementor-setting-key=\"content\">\n\t\t\t\t\t\t\t\t\t\t\t<\/div>\n\t\n\t\t\t\t\t\t\t\t\t<\/div>\n\t\t\t<\/div>\n\t\t<\/div>\n\t\t\t\t\t\t<\/div>\n\t\t\t\t<\/div>\n\t\t\t\t\t<\/div>\n\t\t<\/div>\n\t\t\t\t\t<\/div>\n\t\t<\/section>\n\t\t\t\t\t<\/div>\n\t\t<\/div>\n\t\t\t\t\t<\/div>\n\t\t<\/section>\n\t\t\t\t<\/div>","protected":false},"excerpt":{"rendered":"<p>Machen Sie jede Verpackung zu einem Markenbotschafter mit unserem individuell bedruckten Verpackungsklebeband. Jede Rolle wird professionell mit Ihrem individuellen Design bedruckt und kombiniert sichere Versiegelungsleistung mit wirkungsvoller Markenwerbung.<\/p>","protected":false},"featured_media":8840,"template":"","meta":[],"product_brand":[],"product_cat":[72],"product_tag":[],"class_list":{"0":"post-8835","1":"product","2":"type-product","3":"status-publish","4":"has-post-thumbnail","6":"product_cat-tape","8":"first","9":"instock","10":"shipping-taxable","11":"product-type-simple"},"_links":{"self":[{"href":"https:\/\/portape.com\/de\/wp-json\/wp\/v2\/product\/8835","targetHints":{"allow":["GET"]}}],"collection":[{"href":"https:\/\/portape.com\/de\/wp-json\/wp\/v2\/product"}],"about":[{"href":"https:\/\/portape.com\/de\/wp-json\/wp\/v2\/types\/product"}],"version-history":[{"count":11,"href":"https:\/\/portape.com\/de\/wp-json\/wp\/v2\/product\/8835\/revisions"}],"predecessor-version":[{"id":8852,"href":"https:\/\/portape.com\/de\/wp-json\/wp\/v2\/product\/8835\/revisions\/8852"}],"wp:featuredmedia":[{"embeddable":true,"href":"https:\/\/portape.com\/de\/wp-json\/wp\/v2\/media\/8840"}],"wp:attachment":[{"href":"https:\/\/portape.com\/de\/wp-json\/wp\/v2\/media?parent=8835"}],"wp:term":[{"taxonomy":"product_brand","embeddable":true,"href":"https:\/\/portape.com\/de\/wp-json\/wp\/v2\/product_brand?post=8835"},{"taxonomy":"product_cat","embeddable":true,"href":"https:\/\/portape.com\/de\/wp-json\/wp\/v2\/product_cat?post=8835"},{"taxonomy":"product_tag","embeddable":true,"href":"https:\/\/portape.com\/de\/wp-json\/wp\/v2\/product_tag?post=8835"}],"curies":[{"name":"wp","href":"https:\/\/api.w.org\/{rel}","templated":true}]}}